{"id":376,"date":"2021-12-10T14:08:05","date_gmt":"2021-12-10T14:08:05","guid":{"rendered":"https:\/\/affarsutvecklarna.se\/nicklas\/?page_id=376"},"modified":"2022-01-23T16:50:52","modified_gmt":"2022-01-23T16:50:52","slug":"om-oss","status":"publish","type":"page","link":"https:\/\/affarsutvecklarna.se\/nicklas\/om-oss\/","title":{"rendered":"Om oss"},"content":{"rendered":"\t\t<div data-elementor-type=\"wp-page\" data-elementor-id=\"376\" class=\"elementor elementor-376\">\n\t\t\t\t\t\t\t\t\t<section class=\"elementor-section elementor-top-section elementor-element elementor-element-8d92fe4 elementor-section-content-middle elementor-section-full_width kontakt elementor-section-height-default elementor-section-height-default\" data-id=\"8d92fe4\" data-element_type=\"section\" data-settings=\"{&quot;background_background&quot;:&quot;classic&quot;}\">\n\t\t\t\t\t\t<div class=\"elementor-container elementor-column-gap-no\">\n\t\t\t\t\t<div class=\"elementor-column elementor-col-50 elementor-top-column elementor-element elementor-element-66a41de\" data-id=\"66a41de\" data-element_type=\"column\" data-settings=\"{&quot;background_background&quot;:&quot;classic&quot;}\">\n\t\t\t<div class=\"elementor-widget-wrap elementor-element-populated\">\n\t\t\t\t\t\t\t\t<div class=\"elementor-element elementor-element-077a61d elementor-widget elementor-widget-spacer\" data-id=\"077a61d\" data-element_type=\"widget\" data-widget_type=\"spacer.default\">\n\t\t\t\t<div class=\"elementor-widget-container\">\n\t\t\t\t\t<div class=\"elementor-spacer\">\n\t\t\t<div class=\"elementor-spacer-inner\"><\/div>\n\t\t<\/div>\n\t\t\t\t<\/div>\n\t\t\t\t<\/div>\n\t\t\t\t\t<\/div>\n\t\t<\/div>\n\t\t\t\t<div class=\"elementor-column elementor-col-50 elementor-top-column elementor-element elementor-element-e2d2c50\" data-id=\"e2d2c50\" data-element_type=\"column\" data-settings=\"{&quot;background_background&quot;:&quot;gradient&quot;}\">\n\t\t\t<div class=\"elementor-widget-wrap elementor-element-populated\">\n\t\t\t\t\t\t\t\t<div class=\"elementor-element elementor-element-38986716 elementor-widget elementor-widget-heading\" data-id=\"38986716\" data-element_type=\"widget\" data-widget_type=\"heading.default\">\n\t\t\t\t<div class=\"elementor-widget-container\">\n\t\t\t<h4 class=\"elementor-heading-title elementor-size-large\">Om CS Business Consulting AB<\/h4>\t\t<\/div>\n\t\t\t\t<\/div>\n\t\t\t\t<div class=\"elementor-element elementor-element-84aa8c5 elementor-widget elementor-widget-text-editor\" data-id=\"84aa8c5\" data-element_type=\"widget\" data-widget_type=\"text-editor.default\">\n\t\t\t\t<div class=\"elementor-widget-container\">\n\t\t\t\t\t\t\t<p>CS Business Consulting AB \u00e4gs och drivs av mig, Nicklas Erlandsson. Jag har en ingenj\u00f6rsexamen i industriell organisation och ekonomi samt \u00e4r specialiserad p\u00e5 aff\u00e4rsutveckling kopplat till innovationsprocesser. Jag har arbetat med detta under eget bolag sedan 2005. Ofta involverar projekten nya marknader och nya produkter\/tj\u00e4nster. Arbetss\u00e4ttet \u00e4r att kombinera operativa insatser i form av marknadsunders\u00f6kningar, testf\u00f6rs\u00e4ljningsinsatser, projektledning, finansieringsarbete och andra behov som finns i en innovationsprocess, med r\u00e5dgivande och coachande insatser. Kombinationen av strategiskt st\u00f6d i kombination med ett rent operativt arbete brukar vara uppskattat d\u00e5 utvecklingen av t ex en aff\u00e4rsplan eller en strategi f\u00f6r lansering d\u00e5 bygger p\u00e5 ett gemensamt arbete.<\/p>\t\t\t\t\t\t<\/div>\n\t\t\t\t<\/div>\n\t\t\t\t<div class=\"elementor-element elementor-element-4a04b7c7 elementor-widget elementor-widget-heading\" data-id=\"4a04b7c7\" data-element_type=\"widget\" data-widget_type=\"heading.default\">\n\t\t\t\t<div class=\"elementor-widget-container\">\n\t\t\t<h4 class=\"elementor-heading-title elementor-size-large\">Nicklas Erlandsson<\/h4>\t\t<\/div>\n\t\t\t\t<\/div>\n\t\t\t\t<div class=\"elementor-element elementor-element-67b97023 elementor-widget elementor-widget-text-editor\" data-id=\"67b97023\" data-element_type=\"widget\" data-widget_type=\"text-editor.default\">\n\t\t\t\t<div class=\"elementor-widget-container\">\n\t\t\t\t\t\t\t<p>Jag \u00e4r \u00e4gare av CS Business Consulting AB samt utf\u00f6rare av samtliga uppdrag. I mitt n\u00e4tverk \u00a0finns kompetenser inom relevanta specialistomr\u00e5den, som kan tillf\u00f6ra v\u00e4rde till uppdragen genom olika former av samverkan. Jag \u00e4r van att arbeta tillsammans med andra aff\u00e4rsutvecklare d\u00e4r jag ofta tar en mer operativ roll, som till exempel att ta fram beslutsunderlag f\u00f6r en marknadsplan.<\/p>\t\t\t\t\t\t<\/div>\n\t\t\t\t<\/div>\n\t\t\t\t<div class=\"elementor-element elementor-element-72de62b3 elementor-widget elementor-widget-heading\" data-id=\"72de62b3\" data-element_type=\"widget\" data-widget_type=\"heading.default\">\n\t\t\t\t<div class=\"elementor-widget-container\">\n\t\t\t<h4 class=\"elementor-heading-title elementor-size-large\">Engagemang<\/h4>\t\t<\/div>\n\t\t\t\t<\/div>\n\t\t\t\t<div class=\"elementor-element elementor-element-4a4de4f elementor-widget elementor-widget-text-editor\" data-id=\"4a4de4f\" data-element_type=\"widget\" data-widget_type=\"text-editor.default\">\n\t\t\t\t<div class=\"elementor-widget-container\">\n\t\t\t\t\t\t\t<p>D\u00e5 en del av alla innovativa aff\u00e4rsid\u00e9er jag tagit del av lett till startup-bolag, har ett l\u00e5ngsiktigt engagemang ibland utvecklats. Genom \u00e5ren har jag varit delaktig i ett antal startups p\u00e5 olika s\u00e4tt. Framf\u00f6rallt g\u00e4llande marknad och finansiering. Genom dessa engagemang har jag p\u00e5 n\u00e4ra h\u00e5ll f\u00e5tt ta del av alla m\u00f6jligheter och utmaningar som p\u00e5verkar ett startup-bolags resa under de f\u00f6rsta \u00e5ren.&nbsp;<\/p>\t\t\t\t\t\t<\/div>\n\t\t\t\t<\/div>\n\t\t\t\t\t<\/div>\n\t\t<\/div>\n\t\t\t\t\t\t\t<\/div>\n\t\t<\/section>\n\t\t\t\t<section class=\"elementor-section elementor-top-section elementor-element elementor-element-76f5c128 elementor-section-content-middle elementor-section-full_width kontakt elementor-section-height-default elementor-section-height-default\" data-id=\"76f5c128\" data-element_type=\"section\" id=\"kontakt\" data-settings=\"{&quot;background_background&quot;:&quot;classic&quot;}\">\n\t\t\t\t\t\t<div class=\"elementor-container elementor-column-gap-no\">\n\t\t\t\t\t<div class=\"elementor-column elementor-col-50 elementor-top-column elementor-element elementor-element-339d3cda\" data-id=\"339d3cda\" data-element_type=\"column\" data-settings=\"{&quot;background_background&quot;:&quot;classic&quot;}\">\n\t\t\t<div class=\"elementor-widget-wrap elementor-element-populated\">\n\t\t\t\t\t\t\t\t<div class=\"elementor-element elementor-element-230259c8 elementor-widget elementor-widget-spacer\" data-id=\"230259c8\" data-element_type=\"widget\" data-widget_type=\"spacer.default\">\n\t\t\t\t<div class=\"elementor-widget-container\">\n\t\t\t\t\t<div class=\"elementor-spacer\">\n\t\t\t<div class=\"elementor-spacer-inner\"><\/div>\n\t\t<\/div>\n\t\t\t\t<\/div>\n\t\t\t\t<\/div>\n\t\t\t\t\t<\/div>\n\t\t<\/div>\n\t\t\t\t<div class=\"elementor-column elementor-col-50 elementor-top-column elementor-element elementor-element-5454a2b\" data-id=\"5454a2b\" data-element_type=\"column\" id=\"Kontakt\" data-settings=\"{&quot;background_background&quot;:&quot;gradient&quot;}\">\n\t\t\t<div class=\"elementor-widget-wrap elementor-element-populated\">\n\t\t\t\t\t\t\t\t<div class=\"elementor-element elementor-element-629ecbd2 elementor-widget elementor-widget-heading\" data-id=\"629ecbd2\" data-element_type=\"widget\" data-widget_type=\"heading.default\">\n\t\t\t\t<div class=\"elementor-widget-container\">\n\t\t\t<h4 class=\"elementor-heading-title elementor-size-large\">Kontakt<\/h4>\t\t<\/div>\n\t\t\t\t<\/div>\n\t\t\t\t<div class=\"elementor-element elementor-element-402f6995 elementor-widget elementor-widget-text-editor\" data-id=\"402f6995\" data-element_type=\"widget\" data-widget_type=\"text-editor.default\">\n\t\t\t\t<div class=\"elementor-widget-container\">\n\t\t\t\t\t\t\t<p>Tveka inte att h\u00f6ra av dig. G\u00e4ller det ett innovationsprojekt, kontakta g\u00e4rna ditt lokala Almi-kontor f\u00f6rst, alternativt annan f\u00f6retagsst\u00f6djande akt\u00f6r. Vet du inte vart du ska v\u00e4nda dig, s\u00e5 kan jag hj\u00e4lpa till.\u00a0<\/p>\t\t\t\t\t\t<\/div>\n\t\t\t\t<\/div>\n\t\t\t\t<div class=\"elementor-element elementor-element-558ff943 elementor-icon-list--layout-traditional elementor-list-item-link-full_width elementor-widget elementor-widget-icon-list\" data-id=\"558ff943\" data-element_type=\"widget\" data-widget_type=\"icon-list.default\">\n\t\t\t\t<div class=\"elementor-widget-container\">\n\t\t\t\t\t<ul class=\"elementor-icon-list-items\">\n\t\t\t\t\t\t\t<li class=\"elementor-icon-list-item\">\n\t\t\t\t\t\t\t\t\t\t\t<span class=\"elementor-icon-list-icon\">\n\t\t\t\t\t\t\t<i aria-hidden=\"true\" class=\"fas fa-phone-square\"><\/i>\t\t\t\t\t\t<\/span>\n\t\t\t\t\t\t\t\t\t\t<span class=\"elementor-icon-list-text\">+46 708 - 32 16 80<\/span>\n\t\t\t\t\t\t\t\t\t<\/li>\n\t\t\t\t\t\t\t\t<li class=\"elementor-icon-list-item\">\n\t\t\t\t\t\t\t\t\t\t\t<span class=\"elementor-icon-list-icon\">\n\t\t\t\t\t\t\t<i aria-hidden=\"true\" class=\"fas fa-envelope-square\"><\/i>\t\t\t\t\t\t<\/span>\n\t\t\t\t\t\t\t\t\t\t<span class=\"elementor-icon-list-text\">nicklas@csbusiness.se<\/span>\n\t\t\t\t\t\t\t\t\t<\/li>\n\t\t\t\t\t\t\t\t<li class=\"elementor-icon-list-item\">\n\t\t\t\t\t\t\t\t\t\t\t<span class=\"elementor-icon-list-icon\">\n\t\t\t\t\t\t\t<i aria-hidden=\"true\" class=\"fas fa-home\"><\/i>\t\t\t\t\t\t<\/span>\n\t\t\t\t\t\t\t\t\t\t<span class=\"elementor-icon-list-text\">S\u00f6dra l\u00e5nggatan  2, kalmar<\/span>\n\t\t\t\t\t\t\t\t\t<\/li>\n\t\t\t\t\t\t<\/ul>\n\t\t\t\t<\/div>\n\t\t\t\t<\/div>\n\t\t\t\t\t<\/div>\n\t\t<\/div>\n\t\t\t\t\t\t\t<\/div>\n\t\t<\/section>\n\t\t\t\t\t\t\t<\/div>\n\t\t","protected":false},"excerpt":{"rendered":"<p>Om CS Business Consulting AB CS Business Consulting AB \u00e4gs och drivs av mig, Nicklas Erlandsson. Jag har en ingenj\u00f6rsexamen i industriell organisation och ekonomi samt \u00e4r specialiserad p\u00e5 aff\u00e4rsutveckling kopplat till innovationsprocesser. Jag har arbetat med detta under eget bolag sedan 2005. Ofta involverar projekten nya marknader och nya produkter\/tj\u00e4nster. Arbetss\u00e4ttet \u00e4r att kombinera [&hellip;]<\/p>\n","protected":false},"author":1,"featured_media":0,"parent":0,"menu_order":0,"comment_status":"closed","ping_status":"closed","template":"","meta":[],"_links":{"self":[{"href":"https:\/\/affarsutvecklarna.se\/nicklas\/wp-json\/wp\/v2\/pages\/376"}],"collection":[{"href":"https:\/\/affarsutvecklarna.se\/nicklas\/wp-json\/wp\/v2\/pages"}],"about":[{"href":"https:\/\/affarsutvecklarna.se\/nicklas\/wp-json\/wp\/v2\/types\/page"}],"author":[{"embeddable":true,"href":"https:\/\/affarsutvecklarna.se\/nicklas\/wp-json\/wp\/v2\/users\/1"}],"replies":[{"embeddable":true,"href":"https:\/\/affarsutvecklarna.se\/nicklas\/wp-json\/wp\/v2\/comments?post=376"}],"version-history":[{"count":43,"href":"https:\/\/affarsutvecklarna.se\/nicklas\/wp-json\/wp\/v2\/pages\/376\/revisions"}],"predecessor-version":[{"id":560,"href":"https:\/\/affarsutvecklarna.se\/nicklas\/wp-json\/wp\/v2\/pages\/376\/revisions\/560"}],"wp:attachment":[{"href":"https:\/\/affarsutvecklarna.se\/nicklas\/wp-json\/wp\/v2\/media?parent=376"}],"curies":[{"name":"wp","href":"https:\/\/api.w.org\/{rel}","templated":true}]}}